{"id":8564,"date":"2021-01-07T15:03:13","date_gmt":"2021-01-07T14:03:13","guid":{"rendered":"https:\/\/www.stb.com.tn\/fr\/?page_id=8564"},"modified":"2022-01-06T14:11:59","modified_gmt":"2022-01-06T13:11:59","slug":"security-check-survey","status":"publish","type":"page","link":"https:\/\/www.stb.com.tn\/fr\/security-check-survey\/","title":{"rendered":"Security Check Survey"},"content":{"rendered":"<p>[vc_section css=&#8221;.vc_custom_1641464369695{background-color: #f9f9f9 !important;}&#8221;][vc_row wrap_container=&#8221;yes&#8221; css=&#8221;.vc_custom_1641465625542{padding-top: 25px !important;padding-bottom: 25px !important;}&#8221;][vc_column width=&#8221;1\/2&#8243;][vc_custom_heading text=&#8221;<strong>STB Security <b>Check <\/b><\/strong><br \/>\nPas \u00e0 pas vers une s\u00e9curit\u00e9 accrue&#8221; font_container=&#8221;tag:h1|font_size:35|text_align:left|color:%23328dd4&#8243; use_theme_fonts=&#8221;yes&#8221; font_weight=&#8221;400&#8243; text_transform=&#8221;none&#8221; has_icon=&#8221;&#8221; el_class=&#8221;check-survey&#8221;][vc_column_text el_class=&#8221;text-check&#8221; css=&#8221;.vc_custom_1617101550090{padding-top: 30px !important;padding-bottom: 30px !important;}&#8221;]Avec la transformation digitale, un simple clic est parfois d\u00e9cisif. \u00c0 cet \u00e9gard, votre s\u00e9curit\u00e9 est une priorit\u00e9 et pour la garantir, vous devez faire tout ce qu\u2019il faut pour prot\u00e9ger vos comptes bancaires en ligne. Accordez-nous 3 petites minutes de votre temps pour r\u00e9pondre \u00e0 nos 11 questions et vous recevez une \u00e9valuation personnalis\u00e9e et les mesures de protection dont vous avez besoin.[\/vc_column_text][vc_btn title=&#8221;Alors, c\u2019est parti !&#8221; color=&#8221;vista-blue&#8221; link=&#8221;url:%2Ffr%2Fsecurity-check%2F|||&#8221;][\/vc_column][vc_column width=&#8221;1\/2&#8243;][vc_single_image image=&#8221;26789&#8243; img_size=&#8221;full&#8221; alignment=&#8221;center&#8221; css=&#8221;.vc_custom_1641465963742{margin-top: -30px !important;}&#8221; el_class=&#8221;img_security_banner&#8221;][\/vc_column][\/vc_row][\/vc_section]<\/p>\n","protected":false},"excerpt":{"rendered":"<p>[vc_section css=&#8221;.vc_custom_1641464369695{background-color: #f9f9f9 !important;}&#8221;][vc_row wrap_container=&#8221;yes&#8221; css=&#8221;.vc_custom_1641465625542{padding-top: 25px !important;padding-bottom: 25px !important;}&#8221;][vc_column width=&#8221;1\/2&#8243;][vc_custom_heading text=&#8221;STB Security Check Pas \u00e0 pas vers une s\u00e9curit\u00e9 accrue&#8221; font_container=&#8221;tag:h1|font_size:35|text_align:left|color:%23328dd4&#8243; use_theme_fonts=&#8221;yes&#8221; font_weight=&#8221;400&#8243; text_transform=&#8221;none&#8221; has_icon=&#8221;&#8221; el_class=&#8221;check-survey&#8221;][vc_column_text el_class=&#8221;text-check&#8221; css=&#8221;.vc_custom_1617101550090{padding-top: 30px !important;padding-bottom: 30px !important;}&#8221;]Avec la transformation digitale, un simple clic est parfois d\u00e9cisif. \u00c0 cet \u00e9gard, votre s\u00e9curit\u00e9 est une priorit\u00e9 et pour la garantir, vous devez faire tout ce qu\u2019il faut pour prot\u00e9ger vos comptes bancaires en ligne. Accordez-nous 3 petites minutes de votre temps pour r\u00e9pondre \u00e0 nos 11 questions et vous recevez une \u00e9valuation personnalis\u00e9e et les mesures de protection dont vous avez besoin.[\/vc_column_text][vc_btn title=&#8221;Alors, c\u2019est parti !&#8221; color=&#8221;vista-blue&#8221; link=&#8221;url:%2Ffr%2Fsecurity-check%2F|||&#8221;][\/vc_column][vc_column width=&#8221;1\/2&#8243;][vc_single_image image=&#8221;26789&#8243; img_size=&#8221;full&#8221; alignment=&#8221;center&#8221; css=&#8221;.vc_custom_1641465963742{margin-top: -30px !important;}&#8221; el_class=&#8221;img_security_banner&#8221;][\/vc_column][\/vc_row][\/vc_section]<\/p>\n","protected":false},"author":24,"featured_media":0,"parent":0,"menu_order":0,"comment_status":"closed","ping_status":"closed","template":"","meta":{"_seopress_robots_primary_cat":"","_seopress_titles_title":"","_seopress_titles_desc":"","_seopress_robots_index":"","footnotes":""},"class_list":["post-8564","page","type-page","status-publish","hentry"],"publishpress_future_action":{"enabled":false,"date":"2026-04-24 05:03:05","action":"change-status","newStatus":"draft","terms":[],"taxonomy":"language"},"rttpg_featured_image_url":null,"rttpg_author":{"display_name":"Rim Jridi","author_link":"https:\/\/www.stb.com.tn\/fr\/author\/rym-pixels\/"},"rttpg_comment":0,"rttpg_category":" <a href=\"https:\/\/www.stb.com.tn\/fr\/\" rel=\"tag\">Fran\u00e7ais<\/a>","rttpg_excerpt":"[vc_section css=&#8221;.vc_custom_1641464369695{background-color: #f9f9f9 !important;}&#8221;][vc_row wrap_container=&#8221;yes&#8221; css=&#8221;.vc_custom_1641465625542{padding-top: 25px !important;padding-bottom: 25px !important;}&#8221;][vc_column width=&#8221;1\/2&#8243;][vc_custom_heading text=&#8221;STB Security Check Pas \u00e0 pas vers une s\u00e9curit\u00e9 accrue&#8221; font_container=&#8221;tag:h1|font_size:35|text_align:left|color:%23328dd4&#8243; use_theme_fonts=&#8221;yes&#8221; font_weight=&#8221;400&#8243; text_transform=&#8221;none&#8221; has_icon=&#8221;&#8221; el_class=&#8221;check-survey&#8221;][vc_column_text el_class=&#8221;text-check&#8221; css=&#8221;.vc_custom_1617101550090{padding-top: 30px !important;padding-bottom: 30px !important;}&#8221;]Avec la transformation digitale, un simple clic est parfois d\u00e9cisif. \u00c0 cet \u00e9gard, votre s\u00e9curit\u00e9 est une priorit\u00e9 et pour la garantir, vous\u2026","_links":{"self":[{"href":"https:\/\/www.stb.com.tn\/fr\/wp-json\/wp\/v2\/pages\/8564"}],"collection":[{"href":"https:\/\/www.stb.com.tn\/fr\/wp-json\/wp\/v2\/pages"}],"about":[{"href":"https:\/\/www.stb.com.tn\/fr\/wp-json\/wp\/v2\/types\/page"}],"author":[{"embeddable":true,"href":"https:\/\/www.stb.com.tn\/fr\/wp-json\/wp\/v2\/users\/24"}],"replies":[{"embeddable":true,"href":"https:\/\/www.stb.com.tn\/fr\/wp-json\/wp\/v2\/comments?post=8564"}],"version-history":[{"count":0,"href":"https:\/\/www.stb.com.tn\/fr\/wp-json\/wp\/v2\/pages\/8564\/revisions"}],"wp:attachment":[{"href":"https:\/\/www.stb.com.tn\/fr\/wp-json\/wp\/v2\/media?parent=8564"}],"curies":[{"name":"wp","href":"https:\/\/api.w.org\/{rel}","templated":true}]}}