{"id":7745,"date":"2020-12-22T17:07:51","date_gmt":"2020-12-22T16:07:51","guid":{"rendered":"https:\/\/www.stb.com.tn\/fr\/?page_id=7745"},"modified":"2024-11-13T15:26:38","modified_gmt":"2024-11-13T14:26:38","slug":"assurance-temporaire-deces","status":"publish","type":"page","link":"https:\/\/www.stb.com.tn\/fr\/particuliers\/bancassurance\/assurance-temporaire-deces\/","title":{"rendered":"ASSURANCE TEMPORAIRE DECES"},"content":{"rendered":"<p>[vc_section css=&#8221;.vc_custom_1618999443156{padding-top: 90px !important;padding-bottom: 60px !important;background-image: url(https:\/\/www.stb.com.tn\/wp-content\/uploads\/2021\/03\/d\u00e9c\u00e9s-1920&#215;350.jpg?id=10838) !important;background-position: center !important;background-repeat: no-repeat !important;background-size: cover !important;}&#8221; el_class=&#8221;banner-top&#8221;][vc_row wrap_container=&#8221;yes&#8221; css=&#8221;.vc_custom_1618999533283{padding-top: 30px !important;padding-bottom: 30px !important;}&#8221;][vc_column][vc_custom_heading text=&#8221;ASSURANCE TEMPORAIRE DECES&#8221; font_container=&#8221;tag:h1|font_size:30|text_align:left|color:%231b276f&#8221; use_theme_fonts=&#8221;yes&#8221; font_weight=&#8221;700&#8243; text_transform=&#8221;none&#8221; has_icon=&#8221;&#8221;][vc_custom_heading text=&#8221;C&#8217;est vrai que c&#8217;est dur &#8230; Mais on vous assure !&#8221; font_container=&#8221;tag:h2|text_align:left|color:%231b276f&#8221; use_theme_fonts=&#8221;yes&#8221; font_weight=&#8221;400&#8243; text_transform=&#8221;none&#8221; has_icon=&#8221;&#8221; css=&#8221;.vc_custom_1617116232302{margin-top: 15px !important;}&#8221;][\/vc_column][\/vc_row][\/vc_section][vc_row content_placement=&#8221;top&#8221; wrap_container=&#8221;yes&#8221; css=&#8221;.vc_custom_1639489739106{margin-top: 10px !important;margin-bottom: 10px !important;}&#8221; el_class=&#8221;bloc-row&#8221;][vc_column width=&#8221;1\/2&#8243; css=&#8221;.vc_custom_1639385425836{margin-top: 5px !important;margin-right: 5px !important;margin-bottom: 5px !important;margin-left: 5px !important;padding-top: 5px !important;padding-right: 5px !important;padding-bottom: 5px !important;padding-left: 5px !important;}&#8221;][vc_custom_heading text=&#8221;Avantages&#8221; font_container=&#8221;tag:h2|font_size:30px|text_align:left|color:%23186e9f&#8221; use_theme_fonts=&#8221;yes&#8221; font_weight=&#8221;600&#8243; text_transform=&#8221;none&#8221; has_icon=&#8221;&#8221; css=&#8221;.vc_custom_1648322981763{margin-top: 50px !important;margin-bottom: 20px !important;}&#8221; el_class=&#8221;border-left-hr&#8221;][vc_column_text]<\/p>\n<ul>\n<li>Couverture contre le risque de d\u00e9c\u00e8s et d\u2019invalidit\u00e9 totale, absolue et d\u00e9finitive pendant toute la dur\u00e9e de votre cr\u00e9dit<\/li>\n<li>Une protection pour votre famille ainsi que vos proches en cas de d\u00e9c\u00e8s.<\/li>\n<li>Un versement d\u2019un montant \u00e9gal au capital restant d\u00fb.<\/li>\n<\/ul>\n<p>[\/vc_column_text][\/vc_column][vc_column width=&#8221;1\/2&#8243; css=&#8221;.vc_custom_1639385414723{margin-top: 5px !important;margin-right: 5px !important;margin-bottom: 5px !important;margin-left: 5px !important;padding-top: 5px !important;padding-right: 5px !important;padding-bottom: 5px !important;padding-left: 5px !important;}&#8221;][vc_custom_heading text=&#8221;Caract\u00e9ristiques &#8221; font_container=&#8221;tag:h2|font_size:30px|text_align:left|color:%23186e9f&#8221; use_theme_fonts=&#8221;yes&#8221; font_weight=&#8221;600&#8243; text_transform=&#8221;none&#8221; has_icon=&#8221;&#8221; css=&#8221;.vc_custom_1648323047642{margin-top: 50px !important;margin-bottom: 20px !important;}&#8221; el_class=&#8221;border-left-hr&#8221;][vc_column_text]<\/p>\n<ul>\n<li>Le\u00a0contrat d\u2019assurance temporaire\u00a0d\u00e9c\u00e8s\u00a0est limit\u00e9 dans le temps, le versement des sommes est garanti pendant la p\u00e9riode de couverture du contrat.<\/li>\n<li>Elle peut servir plus largement en cas d\u2019invalidit\u00e9, de garantie d\u00e9c\u00e8s accidentelle, ou d\u2019incapacit\u00e9 de travail.<\/li>\n<\/ul>\n<p>[\/vc_column_text][\/vc_column][\/vc_row][vc_row content_placement=&#8221;top&#8221; wrap_container=&#8221;yes&#8221; css=&#8221;.vc_custom_1639489739106{margin-top: 10px !important;margin-bottom: 10px !important;}&#8221; el_class=&#8221;bloc-row&#8221;][vc_column width=&#8221;1\/2&#8243; css=&#8221;.vc_custom_1639385425836{margin-top: 5px !important;margin-right: 5px !important;margin-bottom: 5px !important;margin-left: 5px !important;padding-top: 5px !important;padding-right: 5px !important;padding-bottom: 5px !important;padding-left: 5px !important;}&#8221;][vc_custom_heading text=&#8221;\u00c9ligibilit\u00e9<br \/>\n&#8221; font_container=&#8221;tag:h2|font_size:30px|text_align:left|color:%23186e9f&#8221; use_theme_fonts=&#8221;yes&#8221; font_weight=&#8221;600&#8243; text_transform=&#8221;none&#8221; has_icon=&#8221;&#8221; css=&#8221;.vc_custom_1648323062736{margin-top: 50px !important;margin-bottom: 20px !important;}&#8221; el_class=&#8221;border-left-hr&#8221;][vc_column_text]<\/p>\n<ul>\n<li>Les clients STB b\u00e9n\u00e9ficiaires de tout type de cr\u00e9dit et dont l\u2019\u00e2ge ne d\u00e9passe pas 75 ans \u00e0 l&#8217;\u00e9ch\u00e9ance du contrat.<\/li>\n<\/ul>\n<p>[\/vc_column_text][\/vc_column][vc_column width=&#8221;1\/2&#8243; css=&#8221;.vc_custom_1639385414723{margin-top: 5px !important;margin-right: 5px !important;margin-bottom: 5px !important;margin-left: 5px !important;padding-top: 5px !important;padding-right: 5px !important;padding-bottom: 5px !important;padding-left: 5px !important;}&#8221;][vc_custom_heading text=&#8221;Documents n\u00e9cessaires &#8221; font_container=&#8221;tag:h2|font_size:30px|text_align:left|color:%23186e9f&#8221; use_theme_fonts=&#8221;yes&#8221; font_weight=&#8221;600&#8243; text_transform=&#8221;none&#8221; has_icon=&#8221;&#8221; css=&#8221;.vc_custom_1648323142854{margin-top: 50px !important;margin-bottom: 20px !important;}&#8221; el_class=&#8221;border-left-hr&#8221;][vc_column_text]<\/p>\n<ul>\n<li>Le formulaire de d\u00e9claration de risque FDR rempli en double exemplaire.<\/li>\n<\/ul>\n<p>[\/vc_column_text][\/vc_column][\/vc_row][vc_row wrap_container=&#8221;yes&#8221;][vc_column][vc_custom_heading text=&#8221;ASSURANCE TEMPORAIRE DECES&#8230; et les autres !&#8221; font_container=&#8221;tag:h2|font_size:32|text_align:center|color:%23186e9f&#8221; use_theme_fonts=&#8221;yes&#8221; font_weight=&#8221;600&#8243; text_transform=&#8221;none&#8221; has_icon=&#8221;&#8221; el_class=&#8221;title-page-hr-style2&#8243; css=&#8221;.vc_custom_1648323240124{margin-bottom: 35px !important;padding-top: 20px !important;}&#8221;][vc_row_inner el_class=&#8221;row-mixed-box&#8221; el_id=&#8221;block2&#8243;][vc_column_inner width=&#8221;1\/3&#8243; css=&#8221;.vc_custom_1598866383342{margin-bottom: 20px !important;}&#8221;][vc_single_image image=&#8221;10814&#8243; img_size=&#8221;370&#215;200&#8243; alignment=&#8221;center&#8221; onclick=&#8221;custom_link&#8221; link=&#8221;\/fr\/particuliers\/bancassurance\/assistance-voyage\/&#8221;][vc_column_text css=&#8221;.vc_custom_1620729255321{border-top-width: 0px !important;border-right-width: 1px !important;border-bottom-width: 1px !important;border-left-width: 1px !important;padding-top: 15px !important;border-left-color: #c2c2c2 !important;border-left-style: solid !important;border-right-color: #c2c2c2 !important;border-right-style: solid !important;border-top-color: #c2c2c2 !important;border-top-style: solid !important;border-bottom-color: #c2c2c2 !important;border-bottom-style: solid !important;border-radius: 1px !important;}&#8221; el_class=&#8221;min-height-text&#8221;]<\/p>\n<h3 style=\"text-align: center;\"><a href=\"\/fr\/professionnels\/placement-et-capital\/bon-caisse-dinar\/\">Assistance en Tunisie<br \/>\n<\/a><\/h3>\n<hr \/>\n<p style=\"text-align: center;\">Assurez-vous d\u2019avoir la meilleure protection<\/p>\n<p>[\/vc_column_text][\/vc_column_inner][vc_column_inner width=&#8221;1\/3&#8243; css=&#8221;.vc_custom_1598866394585{margin-bottom: 20px !important;}&#8221;][vc_single_image image=&#8221;10817&#8243; img_size=&#8221;370&#215;200&#8243; alignment=&#8221;center&#8221; onclick=&#8221;custom_link&#8221; link=&#8221;\/fr\/particuliers\/bancassurance\/assistance-protection-juridique\/&#8221;][vc_column_text css=&#8221;.vc_custom_1620729518187{border-top-width: 0px !important;border-right-width: 1px !important;border-bottom-width: 1px !important;border-left-width: 1px !important;padding-top: 15px !important;border-left-color: #c2c2c2 !important;border-left-style: solid !important;border-right-color: #c2c2c2 !important;border-right-style: solid !important;border-top-color: #c2c2c2 !important;border-top-style: solid !important;border-bottom-color: #c2c2c2 !important;border-bottom-style: solid !important;border-radius: 1px !important;}&#8221; el_class=&#8221;min-height-text&#8221;]<\/p>\n<h3 style=\"text-align: center;\"><a href=\"\/fr\/particuliers\/bancassurance\/assistance-protection-juridique\/\">Assistance protection juridique<\/a><\/h3>\n<hr \/>\n<p style=\"text-align: center;\">Prot\u00e9gez vous en cas de litige avec l&#8217;assistance Juridique<\/p>\n<p>[\/vc_column_text][\/vc_column_inner][vc_column_inner width=&#8221;1\/3&#8243; css=&#8221;.vc_custom_1598866402600{margin-bottom: 20px !important;}&#8221;][vc_single_image image=&#8221;10816&#8243; img_size=&#8221;370&#215;200&#8243; alignment=&#8221;center&#8221; onclick=&#8221;custom_link&#8221; link=&#8221;\/fr\/particuliers\/bancassurance\/assurance-incendie\/&#8221;][vc_column_text css=&#8221;.vc_custom_1620729739736{border-top-width: 0px !important;border-right-width: 1px !important;border-bottom-width: 1px !important;border-left-width: 1px !important;padding-top: 15px !important;border-left-color: #c2c2c2 !important;border-left-style: solid !important;border-right-color: #c2c2c2 !important;border-right-style: solid !important;border-top-color: #c2c2c2 !important;border-top-style: solid !important;border-bottom-color: #c2c2c2 !important;border-bottom-style: solid !important;border-radius: 1px !important;}&#8221; el_class=&#8221;min-height-text&#8221;]<\/p>\n<h3 style=\"text-align: center;\"><a href=\"\/fr\/particuliers\/bancassurance\/assurance-incendie\/\">Assurance incendie<\/a><\/h3>\n<hr \/>\n<p style=\"text-align: center;\">Restez \u00e0 l\u2019abri avec notre Assurance Incendie<\/p>\n<p>[\/vc_column_text][\/vc_column_inner][\/vc_row_inner][\/vc_column][\/vc_row][vc_row content_placement=&#8221;top&#8221; wrap_container=&#8221;yes&#8221; css=&#8221;.vc_custom_1639489739106{margin-top: 10px !important;margin-bottom: 10px !important;}&#8221; el_class=&#8221;bloc-row&#8221;][vc_column width=&#8221;1\/2&#8243; css=&#8221;.vc_custom_1639385425836{margin-top: 5px !important;margin-right: 5px !important;margin-bottom: 5px !important;margin-left: 5px !important;padding-top: 5px !important;padding-right: 5px !important;padding-bottom: 5px !important;padding-left: 5px !important;}&#8221;][\/vc_column][vc_column width=&#8221;1\/2&#8243; css=&#8221;.vc_custom_1639385414723{margin-top: 5px !important;margin-right: 5px !important;margin-bottom: 5px !important;margin-left: 5px !important;padding-top: 5px !important;padding-right: 5px !important;padding-bottom: 5px !important;padding-left: 5px !important;}&#8221;][\/vc_column][\/vc_row]<\/p>\n","protected":false},"excerpt":{"rendered":"<p>[vc_section css=&#8221;.vc_custom_1618999443156{padding-top: 90px !important;padding-bottom: 60px !important;background-image: url(https:\/\/www.stb.com.tn\/wp-content\/uploads\/2021\/03\/d\u00e9c\u00e9s-1920&#215;350.jpg?id=10838) !important;background-position: center !important;background-repeat: no-repeat !important;background-size: cover !important;}&#8221; el_class=&#8221;banner-top&#8221;][vc_row wrap_container=&#8221;yes&#8221; css=&#8221;.vc_custom_1618999533283{padding-top: 30px !important;padding-bottom: 30px !important;}&#8221;][vc_column][vc_custom_heading text=&#8221;ASSURANCE TEMPORAIRE DECES&#8221; font_container=&#8221;tag:h1|font_size:30|text_align:left|color:%231b276f&#8221; use_theme_fonts=&#8221;yes&#8221; font_weight=&#8221;700&#8243; text_transform=&#8221;none&#8221; has_icon=&#8221;&#8221;][vc_custom_heading text=&#8221;C&#8217;est vrai que c&#8217;est dur &#8230; Mais on vous assure !&#8221; font_container=&#8221;tag:h2|text_align:left|color:%231b276f&#8221; use_theme_fonts=&#8221;yes&#8221; font_weight=&#8221;400&#8243; text_transform=&#8221;none&#8221; has_icon=&#8221;&#8221; css=&#8221;.vc_custom_1617116232302{margin-top: 15px !important;}&#8221;][\/vc_column][\/vc_row][\/vc_section][vc_row content_placement=&#8221;top&#8221; wrap_container=&#8221;yes&#8221; css=&#8221;.vc_custom_1639489739106{margin-top: 10px !important;margin-bottom: 10px !important;}&#8221; el_class=&#8221;bloc-row&#8221;][vc_column width=&#8221;1\/2&#8243; css=&#8221;.vc_custom_1639385425836{margin-top: 5px !important;margin-right: 5px !important;margin-bottom: 5px !important;margin-left: 5px !important;padding-top: 5px !important;padding-right: 5px !important;padding-bottom: 5px !important;padding-left: 5px !important;}&#8221;][vc_custom_heading text=&#8221;Avantages&#8221; font_container=&#8221;tag:h2|font_size:30px|text_align:left|color:%23186e9f&#8221; use_theme_fonts=&#8221;yes&#8221; font_weight=&#8221;600&#8243; text_transform=&#8221;none&#8221; has_icon=&#8221;&#8221; css=&#8221;.vc_custom_1648322981763{margin-top: 50px !important;margin-bottom: 20px !important;}&#8221; el_class=&#8221;border-left-hr&#8221;][vc_column_text] Couverture contre le risque de d\u00e9c\u00e8s et d\u2019invalidit\u00e9 totale, absolue et d\u00e9finitive pendant toute la dur\u00e9e de votre cr\u00e9dit Une protection pour votre famille ainsi que vos proches en cas de d\u00e9c\u00e8s. Un versement d\u2019un montant \u00e9gal au capital restant d\u00fb. [\/vc_column_text][\/vc_column][vc_column width=&#8221;1\/2&#8243; css=&#8221;.vc_custom_1639385414723{margin-top: 5px !important;margin-right: 5px !important;margin-bottom: 5px !important;margin-left: 5px !important;padding-top: 5px !important;padding-right: 5px !important;padding-bottom: 5px !important;padding-left: 5px !important;}&#8221;][vc_custom_heading text=&#8221;Caract\u00e9ristiques &#8221; font_container=&#8221;tag:h2|font_size:30px|text_align:left|color:%23186e9f&#8221; use_theme_fonts=&#8221;yes&#8221; font_weight=&#8221;600&#8243; text_transform=&#8221;none&#8221; has_icon=&#8221;&#8221; css=&#8221;.vc_custom_1648323047642{margin-top: 50px !important;margin-bottom: 20px !important;}&#8221; el_class=&#8221;border-left-hr&#8221;][vc_column_text] Le\u00a0contrat d\u2019assurance temporaire\u00a0d\u00e9c\u00e8s\u00a0est limit\u00e9 dans le temps, le versement des sommes est garanti pendant la p\u00e9riode de couverture du contrat. Elle peut servir plus largement en cas d\u2019invalidit\u00e9, de garantie d\u00e9c\u00e8s accidentelle, ou d\u2019incapacit\u00e9 de travail. [\/vc_column_text][\/vc_column][\/vc_row][vc_row content_placement=&#8221;top&#8221; wrap_container=&#8221;yes&#8221; css=&#8221;.vc_custom_1639489739106{margin-top: 10px [&hellip;]<\/p>\n","protected":false},"author":24,"featured_media":10811,"parent":7726,"menu_order":0,"comment_status":"closed","ping_status":"closed","template":"","meta":{"_seopress_robots_primary_cat":"","_seopress_titles_title":"Assurance d\u00e9c\u00e8s : assurance temporaire d\u00e9c\u00e8s par la STB bancassurance","_seopress_titles_desc":"Prot\u00e9gez vos proches en cas de d\u00e9c\u00e8s, d\u2019invalidit\u00e9 totale, absolue ou d\u00e9finitive avec l'assurance temporaire d\u00e9c\u00e8s de la STB Bank Tunisie. Souscrivez d\u00e8s maintenant","_seopress_robots_index":"","footnotes":""},"class_list":["post-7745","page","type-page","status-publish","has-post-thumbnail","hentry"],"publishpress_future_action":{"enabled":false,"date":"2026-05-06 12:28:03","action":"change-status","newStatus":"draft","terms":[],"taxonomy":"language"},"rttpg_featured_image_url":{"full":["https:\/\/www.stb.com.tn\/wp-content\/uploads\/2021\/03\/d\u00e9c\u00e8s370x200.jpg",370,200,false],"landscape":["https:\/\/www.stb.com.tn\/wp-content\/uploads\/2021\/03\/d\u00e9c\u00e8s370x200.jpg",370,200,false],"portraits":["https:\/\/www.stb.com.tn\/wp-content\/uploads\/2021\/03\/d\u00e9c\u00e8s370x200.jpg",370,200,false],"thumbnail":["https:\/\/www.stb.com.tn\/wp-content\/uploads\/2021\/03\/d\u00e9c\u00e8s370x200-150x150.jpg",150,150,true],"medium":["https:\/\/www.stb.com.tn\/wp-content\/uploads\/2021\/03\/d\u00e9c\u00e8s370x200-300x162.jpg",300,162,true],"large":["https:\/\/www.stb.com.tn\/wp-content\/uploads\/2021\/03\/d\u00e9c\u00e8s370x200.jpg",370,200,false],"1536x1536":["https:\/\/www.stb.com.tn\/wp-content\/uploads\/2021\/03\/d\u00e9c\u00e8s370x200.jpg",370,200,false],"2048x2048":["https:\/\/www.stb.com.tn\/wp-content\/uploads\/2021\/03\/d\u00e9c\u00e8s370x200.jpg",370,200,false],"saturnthemes-financebank-full-thumb":["https:\/\/www.stb.com.tn\/wp-content\/uploads\/2021\/03\/d\u00e9c\u00e8s370x200.jpg",370,200,false],"saturnthemes-financebank-grid-thumb":["https:\/\/www.stb.com.tn\/wp-content\/uploads\/2021\/03\/d\u00e9c\u00e8s370x200-270x146.jpg",270,146,true],"saturnthemes-financebank-grid-style1":["https:\/\/www.stb.com.tn\/wp-content\/uploads\/2021\/03\/d\u00e9c\u00e8s370x200-370x200.jpg",370,200,true],"saturnthemes-financebank-grid-style2":["https:\/\/www.stb.com.tn\/wp-content\/uploads\/2021\/03\/d\u00e9c\u00e8s370x200.jpg",370,200,false],"saturnthemes-financebank-service-grid":["https:\/\/www.stb.com.tn\/wp-content\/uploads\/2021\/03\/d\u00e9c\u00e8s370x200-370x200.jpg",370,200,true],"saturnthemes-financebank-staff-grid":["https:\/\/www.stb.com.tn\/wp-content\/uploads\/2021\/03\/d\u00e9c\u00e8s370x200-270x200.jpg",270,200,true],"rpwe-thumbnail":["https:\/\/www.stb.com.tn\/wp-content\/uploads\/2021\/03\/d\u00e9c\u00e8s370x200.jpg",45,24,false]},"rttpg_author":{"display_name":"Rim Jridi","author_link":"https:\/\/www.stb.com.tn\/fr\/author\/rym-pixels\/"},"rttpg_comment":0,"rttpg_category":" <a href=\"https:\/\/www.stb.com.tn\/fr\/\" rel=\"tag\">Fran\u00e7ais<\/a>","rttpg_excerpt":"[vc_section css=&#8221;.vc_custom_1618999443156{padding-top: 90px !important;padding-bottom: 60px !important;background-image: url(https:\/\/www.stb.com.tn\/wp-content\/uploads\/2021\/03\/d\u00e9c\u00e9s-1920&#215;350.jpg?id=10838) !important;background-position: center !important;background-repeat: no-repeat !important;background-size: cover !important;}&#8221; el_class=&#8221;banner-top&#8221;][vc_row wrap_container=&#8221;yes&#8221; css=&#8221;.vc_custom_1618999533283{padding-top: 30px !important;padding-bottom: 30px !important;}&#8221;][vc_column][vc_custom_heading text=&#8221;ASSURANCE TEMPORAIRE DECES&#8221; font_container=&#8221;tag:h1|font_size:30|text_align:left|color:%231b276f&#8221; use_theme_fonts=&#8221;yes&#8221; font_weight=&#8221;700&#8243; text_transform=&#8221;none&#8221; has_icon=&#8221;&#8221;][vc_custom_heading text=&#8221;C&#8217;est vrai que c&#8217;est dur &#8230; Mais on vous assure !&#8221; font_container=&#8221;tag:h2|text_align:left|color:%231b276f&#8221; use_theme_fonts=&#8221;yes&#8221; font_weight=&#8221;400&#8243; text_transform=&#8221;none&#8221; has_icon=&#8221;&#8221; css=&#8221;.vc_custom_1617116232302{margin-top: 15px !important;}&#8221;][\/vc_column][\/vc_row][\/vc_section][vc_row content_placement=&#8221;top&#8221; wrap_container=&#8221;yes&#8221; css=&#8221;.vc_custom_1639489739106{margin-top: 10px !important;margin-bottom: 10px !important;}&#8221;\u2026","_links":{"self":[{"href":"https:\/\/www.stb.com.tn\/fr\/wp-json\/wp\/v2\/pages\/7745"}],"collection":[{"href":"https:\/\/www.stb.com.tn\/fr\/wp-json\/wp\/v2\/pages"}],"about":[{"href":"https:\/\/www.stb.com.tn\/fr\/wp-json\/wp\/v2\/types\/page"}],"author":[{"embeddable":true,"href":"https:\/\/www.stb.com.tn\/fr\/wp-json\/wp\/v2\/users\/24"}],"replies":[{"embeddable":true,"href":"https:\/\/www.stb.com.tn\/fr\/wp-json\/wp\/v2\/comments?post=7745"}],"version-history":[{"count":2,"href":"https:\/\/www.stb.com.tn\/fr\/wp-json\/wp\/v2\/pages\/7745\/revisions"}],"predecessor-version":[{"id":36593,"href":"https:\/\/www.stb.com.tn\/fr\/wp-json\/wp\/v2\/pages\/7745\/revisions\/36593"}],"up":[{"embeddable":true,"href":"https:\/\/www.stb.com.tn\/fr\/wp-json\/wp\/v2\/pages\/7726"}],"wp:featuredmedia":[{"embeddable":true,"href":"https:\/\/www.stb.com.tn\/fr\/wp-json\/wp\/v2\/media\/10811"}],"wp:attachment":[{"href":"https:\/\/www.stb.com.tn\/fr\/wp-json\/wp\/v2\/media?parent=7745"}],"curies":[{"name":"wp","href":"https:\/\/api.w.org\/{rel}","templated":true}]}}