{"id":4005,"date":"2020-09-04T10:32:42","date_gmt":"2020-09-04T08:32:42","guid":{"rendered":"https:\/\/www.stb.com.tn\/fr\/?page_id=4005"},"modified":"2025-04-16T17:34:20","modified_gmt":"2025-04-16T15:34:20","slug":"certificat-de-depot","status":"publish","type":"page","link":"https:\/\/www.stb.com.tn\/fr\/entreprises\/gerer-vos-operations-de-placements\/certificat-de-depot\/","title":{"rendered":"Certificat de D\u00e9p\u00f4t"},"content":{"rendered":"<p>[vc_section css=&#8221;.vc_custom_1619001766153{padding-top: 80px !important;padding-bottom: 60px !important;background-image: url(https:\/\/www.stb.com.tn\/wp-content\/uploads\/2021\/04\/certif-depot-1920&#215;350-2.jpg?id=11640) !important;background-position: center !important;background-repeat: no-repeat !important;background-size: cover !important;}&#8221; el_class=&#8221;banner-top&#8221;][vc_row wrap_container=&#8221;yes&#8221; css=&#8221;.vc_custom_1617306098012{padding-top: 30px !important;padding-bottom: 30px !important;}&#8221;][vc_column][vc_custom_heading text=&#8221;CERTIFICAT DE D\u00c9P\u00d4T<br \/>\n&#8221; font_container=&#8221;tag:h1|font_size:30|text_align:left|color:%231b276f&#8221; use_theme_fonts=&#8221;yes&#8221; font_weight=&#8221;700&#8243; text_transform=&#8221;none&#8221; has_icon=&#8221;&#8221;][vc_custom_heading text=&#8221;Vous envisagez de placer vos avoirs en titres de cr\u00e9ance ?<br \/>\nLa STB vous facilite la t\u00e2che avec le Certificat de D\u00e9p\u00f4t\u2026 &#8221; font_container=&#8221;tag:h2|text_align:left|color:%231b276f&#8221; use_theme_fonts=&#8221;yes&#8221; font_weight=&#8221;400&#8243; text_transform=&#8221;none&#8221; has_icon=&#8221;&#8221; css=&#8221;.vc_custom_1617306139007{margin-top: 15px !important;}&#8221;][\/vc_column][\/vc_row][\/vc_section][vc_row content_placement=&#8221;top&#8221; wrap_container=&#8221;yes&#8221; css=&#8221;.vc_custom_1639489739106{margin-top: 10px !important;margin-bottom: 10px !important;}&#8221; el_class=&#8221;bloc-row&#8221;][vc_column width=&#8221;1\/2&#8243; css=&#8221;.vc_custom_1639385425836{margin-top: 5px !important;margin-right: 5px !important;margin-bottom: 5px !important;margin-left: 5px !important;padding-top: 5px !important;padding-right: 5px !important;padding-bottom: 5px !important;padding-left: 5px !important;}&#8221;][vc_custom_heading text=&#8221;Avantages&#8221; font_container=&#8221;tag:h2|font_size:30px|text_align:left|color:%23186e9f&#8221; use_theme_fonts=&#8221;yes&#8221; font_weight=&#8221;700&#8243; text_transform=&#8221;none&#8221; has_icon=&#8221;&#8221; css=&#8221;.vc_custom_1640957180655{margin-top: 50px !important;margin-bottom: 20px !important;}&#8221; el_class=&#8221;border-left-hr&#8221;][vc_column_text]<\/p>\n<div id=\"content\" class=\"col-xs-12 col-sm-10 col-md-10 col-lg-10\">\n<div class=\"row\">\n<div class=\"col-xs-12 col-sm-12 col-md-12 col-lg-12\">\n<div class=\"row\">\n<div id=\"main-content\" class=\"jump col-xs-12 col-sm-9 col-md-9 col-lg-9\">\n<div class=\"row\">\n<div id=\"avantages\" class=\"tab-content\">\n<p><span style=\"color: #009eae;\"><strong>Fructifiez vos exc\u00e9dents de tr\u00e9sorerie avec le Certificat de D\u00e9p\u00f4t<\/strong><\/span><\/p>\n<ul>\n<li>Le Certificat de D\u00e9p\u00f4t est un titre de cr\u00e9ance<\/li>\n<li>Il est assimil\u00e9 au Bon de Caisse avec des particularit\u00e9s propres, n\u00e9gociable sur le March\u00e9 Mon\u00e9taire<\/li>\n<li>Il atteste le d\u00e9p\u00f4t aupr\u00e8s d&#8217;une banque, d&#8217;une somme donn\u00e9e pour une dur\u00e9e donn\u00e9e et un taux d&#8217;int\u00e9r\u00eat d\u00e9termin\u00e9<\/li>\n<\/ul>\n<\/div>\n<\/div>\n<\/div>\n<\/div>\n<\/div>\n<\/div>\n<\/div>\n<div id=\"sidebar\" class=\"col-xs-12 col-sm-2 col-md-2 col-lg-2\">\n<div class=\"row\">\n<div class=\"secondary col-xs-12 col-sm-12 col-md-12 col-lg-12\">\n<div class=\"row\">\n<div class=\"span21125 col-xs-12 col-sm-12 col-md-12 col-lg-12\">\n<div class=\"row\"><\/div>\n<\/div>\n<\/div>\n<\/div>\n<\/div>\n<\/div>\n<p>[\/vc_column_text][\/vc_column][vc_column width=&#8221;1\/2&#8243; css=&#8221;.vc_custom_1639385414723{margin-top: 5px !important;margin-right: 5px !important;margin-bottom: 5px !important;margin-left: 5px !important;padding-top: 5px !important;padding-right: 5px !important;padding-bottom: 5px !important;padding-left: 5px !important;}&#8221;][vc_custom_heading text=&#8221;Caract\u00e9ristiques &#8221; font_container=&#8221;tag:h2|font_size:30px|text_align:left|color:%23186e9f&#8221; use_theme_fonts=&#8221;yes&#8221; font_weight=&#8221;700&#8243; text_transform=&#8221;none&#8221; has_icon=&#8221;&#8221; css=&#8221;.vc_custom_1640957174753{margin-top: 50px !important;margin-bottom: 20px !important;}&#8221; el_class=&#8221;border-left-hr&#8221;][vc_column_text]<span style=\"color: #009eae;\"><strong>Dur\u00e9e de placement :<\/strong><\/span><br \/>\n<span style=\"color: #009eae;\">Les Certificats de D\u00e9p\u00f4t doivent avoir une dur\u00e9e multiple de 10 jours :<br \/>\n<\/span><\/p>\n<ul>\n<li>10 jours au moins<\/li>\n<li>5 ans au plus<\/li>\n<\/ul>\n<p><span style=\"color: #009eae;\">Conditions particuli\u00e8res :<br \/>\n<\/span><\/p>\n<ul>\n<li>Le montant de chaque Certificat de D\u00e9p\u00f4t est multiple de \u00a0Cinq Cents Mille Dinars avec un montant minimale fix\u00e9 \u00e0 Cinq Cents Mille Dinars (500 000 dinars)<\/li>\n<li>Les Certificats de D\u00e9p\u00f4t ne peuvent pas \u00eatre rembours\u00e9s par anticipation, ni rachet\u00e9s par la Banque ni comporter de prime de remboursement.<\/li>\n<li>Les Certificats de D\u00e9p\u00f4t peuvent \u00eatre renouvel\u00e9s sur demande \u00e9crite du souscripteur.<\/li>\n<li>A l&#8217;\u00e9ch\u00e9ance du Certificat de D\u00e9p\u00f4t, il est proc\u00e9d\u00e9 au remboursement du Certificat \u00e9chu, puis au renouvellement comme pour une nouvelle souscription.<\/li>\n<li>Le d\u00e9compte des int\u00e9r\u00eats tient compte de la date de formulation de la demande de renouvellement<\/li>\n<\/ul>\n<p>[\/vc_column_text][\/vc_column][\/vc_row][vc_row content_placement=&#8221;top&#8221; wrap_container=&#8221;yes&#8221; css=&#8221;.vc_custom_1639489739106{margin-top: 10px !important;margin-bottom: 10px !important;}&#8221; el_class=&#8221;bloc-row&#8221;][vc_column width=&#8221;1\/2&#8243; css=&#8221;.vc_custom_1639385425836{margin-top: 5px !important;margin-right: 5px !important;margin-bottom: 5px !important;margin-left: 5px !important;padding-top: 5px !important;padding-right: 5px !important;padding-bottom: 5px !important;padding-left: 5px !important;}&#8221;][vc_custom_heading text=&#8221;\u00c9ligibilit\u00e9<br \/>\n&#8221; font_container=&#8221;tag:h2|font_size:30px|text_align:left|color:%23186e9f&#8221; use_theme_fonts=&#8221;yes&#8221; font_weight=&#8221;700&#8243; text_transform=&#8221;none&#8221; has_icon=&#8221;&#8221; css=&#8221;.vc_custom_1640957192871{margin-top: 50px !important;margin-bottom: 20px !important;}&#8221; el_class=&#8221;border-left-hr&#8221;][vc_column_text]<span style=\"color: #009eae;\"><strong>Qui peut en b\u00e9n\u00e9ficier\u00a0? <\/strong><\/span><\/p>\n<ul>\n<li>Toute personne morale ou physique<\/li>\n<li>De droit public<\/li>\n<li>Ou de droit priv\u00e9<\/li>\n<\/ul>\n<p>[\/vc_column_text][\/vc_column][vc_column width=&#8221;1\/2&#8243; css=&#8221;.vc_custom_1639385414723{margin-top: 5px !important;margin-right: 5px !important;margin-bottom: 5px !important;margin-left: 5px !important;padding-top: 5px !important;padding-right: 5px !important;padding-bottom: 5px !important;padding-left: 5px !important;}&#8221;][vc_custom_heading text=&#8221;Documents n\u00e9cessaires &#8221; font_container=&#8221;tag:h2|font_size:30px|text_align:left|color:%23186e9f&#8221; use_theme_fonts=&#8221;yes&#8221; font_weight=&#8221;700&#8243; text_transform=&#8221;none&#8221; has_icon=&#8221;&#8221; css=&#8221;.vc_custom_1640957187256{margin-top: 50px !important;margin-bottom: 20px !important;}&#8221; el_class=&#8221;border-left-hr&#8221;][vc_column_text]<\/p>\n<div id=\"content\" class=\"col-xs-12 col-sm-10 col-md-10 col-lg-10\">\n<div class=\"row\">\n<div class=\"col-xs-12 col-sm-12 col-md-12 col-lg-12\">\n<div class=\"row\">\n<div id=\"main-content\" class=\"jump col-xs-12 col-sm-9 col-md-9 col-lg-9\">\n<div class=\"row\">\n<div id=\"documentsnecessaires\" class=\"tab-content\">\n<p>Pour en b\u00e9n\u00e9ficier, il faut d\u00e9poser un bulletin de souscription.<\/p>\n<\/div>\n<\/div>\n<\/div>\n<\/div>\n<\/div>\n<\/div>\n<\/div>\n<div id=\"sidebar\" class=\"col-xs-12 col-sm-2 col-md-2 col-lg-2\">\n<div class=\"row\">\n<div class=\"secondary col-xs-12 col-sm-12 col-md-12 col-lg-12\">\n<div class=\"row\">\n<div class=\"span21125 col-xs-12 col-sm-12 col-md-12 col-lg-12\">\n<div class=\"row\"><\/div>\n<\/div>\n<\/div>\n<\/div>\n<\/div>\n<\/div>\n<p>[\/vc_column_text][\/vc_column][\/vc_row][vc_row wrap_container=&#8221;yes&#8221;][vc_column][vc_custom_heading text=&#8221;CERTIFICAT DE D\u00c9P\u00d4T&#8230; et les autres !&#8221; font_container=&#8221;tag:h2|font_size:32|text_align:center|color:%23186e9f&#8221; use_theme_fonts=&#8221;yes&#8221; font_weight=&#8221;700&#8243; text_transform=&#8221;none&#8221; has_icon=&#8221;&#8221; el_class=&#8221;title-page-hr-style2&#8243; css=&#8221;.vc_custom_1619441791982{margin-bottom: 35px !important;padding-top: 20px !important;}&#8221;][vc_row_inner el_class=&#8221;row-mixed-box&#8221; el_id=&#8221;block2&#8243;][vc_column_inner width=&#8221;1\/3&#8243; css=&#8221;.vc_custom_1598866383342{margin-bottom: 20px !important;}&#8221;][vc_single_image image=&#8221;7294&#8243; img_size=&#8221;370&#215;200&#8243; alignment=&#8221;center&#8221; onclick=&#8221;custom_link&#8221; link=&#8221;\/fr\/entreprises\/gerer-vos-operations-de-placements\/compte-terme-dinar\/&#8221;][vc_column_text css=&#8221;.vc_custom_1619445184169{border-top-width: 0px !important;border-right-width: 1px !important;border-bottom-width: 1px !important;border-left-width: 1px !important;padding-top: 15px !important;border-left-color: #c2c2c2 !important;border-left-style: solid !important;border-right-color: #c2c2c2 !important;border-right-style: solid !important;border-top-color: #c2c2c2 !important;border-top-style: solid !important;border-bottom-color: #c2c2c2 !important;border-bottom-style: solid !important;border-radius: 1px !important;}&#8221; el_class=&#8221;min-height-text&#8221;]<\/p>\n<h3 style=\"text-align: center;\"><a href=\"\/fr\/entreprises\/gerer-vos-operations-de-placements\/compte-terme-dinar\/\">COMPTE \u00c0 TERME EN DINARS<br \/>\n<\/a><\/h3>\n<hr \/>\n<p style=\"text-align: center;\">Le Compte \u00e0 Terme en Dinars\u2026un placement s\u00fbr et rentable !<\/p>\n<p>[\/vc_column_text][\/vc_column_inner][vc_column_inner width=&#8221;1\/3&#8243; css=&#8221;.vc_custom_1598866394585{margin-bottom: 20px !important;}&#8221;][vc_single_image image=&#8221;7352&#8243; img_size=&#8221;370&#215;200&#8243; alignment=&#8221;center&#8221; onclick=&#8221;custom_link&#8221; link=&#8221;\/fr\/entreprises\/gerer-vos-operations-de-placements\/sicav-avenir\/&#8221;][vc_column_text css=&#8221;.vc_custom_1619439633257{border-top-width: 0px !important;border-right-width: 1px !important;border-bottom-width: 1px !important;border-left-width: 1px !important;padding-top: 15px !important;border-left-color: #c2c2c2 !important;border-left-style: solid !important;border-right-color: #c2c2c2 !important;border-right-style: solid !important;border-top-color: #c2c2c2 !important;border-top-style: solid !important;border-bottom-color: #c2c2c2 !important;border-bottom-style: solid !important;border-radius: 1px !important;}&#8221; el_class=&#8221;min-height-text&#8221;]<\/p>\n<h3 style=\"text-align: center;\"><a href=\"\/fr\/entreprises\/gerer-vos-operations-de-placements\/sicav-avenir\/\">SICAV AVENIR<\/a><\/h3>\n<hr \/>\n<p style=\"text-align: center;\">Profitez de l\u2019\u00e9volution des cours boursiers dans les meilleures conditions avec SICAV Avenir !<\/p>\n<p>[\/vc_column_text][\/vc_column_inner][vc_column_inner width=&#8221;1\/3&#8243; css=&#8221;.vc_custom_1598866402600{margin-bottom: 20px !important;}&#8221;][vc_single_image image=&#8221;6821&#8243; img_size=&#8221;370&#215;200&#8243; alignment=&#8221;center&#8221; onclick=&#8221;custom_link&#8221; link=&#8221;\/fr\/entreprises\/gerer-vos-operations-de-placements\/sicav-epargnant\/&#8221;][vc_column_text css=&#8221;.vc_custom_1619446255176{border-top-width: 0px !important;border-right-width: 1px !important;border-bottom-width: 1px !important;border-left-width: 1px !important;padding-top: 15px !important;border-left-color: #c2c2c2 !important;border-left-style: solid !important;border-right-color: #c2c2c2 !important;border-right-style: solid !important;border-top-color: #c2c2c2 !important;border-top-style: solid !important;border-bottom-color: #c2c2c2 !important;border-bottom-style: solid !important;border-radius: 1px !important;}&#8221; el_class=&#8221;min-height-text&#8221;]<\/p>\n<h3 style=\"text-align: center;\"><a href=\"\/fr\/entreprises\/gerer-vos-operations-de-placements\/sicav-epargnant\/\">SICAV L\u2019EPARGNANT<\/a><\/h3>\n<hr \/>\n<p style=\"text-align: center;\">Valorisez vos placements avec SICAV l\u2019Epargnant !<\/p>\n<p>[\/vc_column_text][\/vc_column_inner][\/vc_row_inner][\/vc_column][\/vc_row]<\/p>\n","protected":false},"excerpt":{"rendered":"<p>[vc_section css=&#8221;.vc_custom_1619001766153{padding-top: 80px !important;padding-bottom: 60px !important;background-image: url(https:\/\/www.stb.com.tn\/wp-content\/uploads\/2021\/04\/certif-depot-1920&#215;350-2.jpg?id=11640) !important;background-position: center !important;background-repeat: no-repeat !important;background-size: cover !important;}&#8221; el_class=&#8221;banner-top&#8221;][vc_row wrap_container=&#8221;yes&#8221; css=&#8221;.vc_custom_1617306098012{padding-top: 30px !important;padding-bottom: 30px !important;}&#8221;][vc_column][vc_custom_heading text=&#8221;CERTIFICAT DE D\u00c9P\u00d4T &#8221; font_container=&#8221;tag:h1|font_size:30|text_align:left|color:%231b276f&#8221; use_theme_fonts=&#8221;yes&#8221; font_weight=&#8221;700&#8243; text_transform=&#8221;none&#8221; has_icon=&#8221;&#8221;][vc_custom_heading text=&#8221;Vous envisagez de placer vos avoirs en titres de cr\u00e9ance ? La STB vous facilite la t\u00e2che avec le Certificat de D\u00e9p\u00f4t\u2026 &#8221; font_container=&#8221;tag:h2|text_align:left|color:%231b276f&#8221; use_theme_fonts=&#8221;yes&#8221; font_weight=&#8221;400&#8243; text_transform=&#8221;none&#8221; has_icon=&#8221;&#8221; css=&#8221;.vc_custom_1617306139007{margin-top: 15px !important;}&#8221;][\/vc_column][\/vc_row][\/vc_section][vc_row content_placement=&#8221;top&#8221; wrap_container=&#8221;yes&#8221; css=&#8221;.vc_custom_1639489739106{margin-top: 10px !important;margin-bottom: 10px !important;}&#8221; el_class=&#8221;bloc-row&#8221;][vc_column width=&#8221;1\/2&#8243; css=&#8221;.vc_custom_1639385425836{margin-top: 5px !important;margin-right: 5px !important;margin-bottom: 5px !important;margin-left: 5px !important;padding-top: 5px !important;padding-right: 5px !important;padding-bottom: 5px !important;padding-left: 5px !important;}&#8221;][vc_custom_heading text=&#8221;Avantages&#8221; font_container=&#8221;tag:h2|font_size:30px|text_align:left|color:%23186e9f&#8221; use_theme_fonts=&#8221;yes&#8221; font_weight=&#8221;700&#8243; text_transform=&#8221;none&#8221; has_icon=&#8221;&#8221; css=&#8221;.vc_custom_1640957180655{margin-top: 50px !important;margin-bottom: 20px !important;}&#8221; el_class=&#8221;border-left-hr&#8221;][vc_column_text] Fructifiez vos exc\u00e9dents de tr\u00e9sorerie avec le Certificat de D\u00e9p\u00f4t Le Certificat de D\u00e9p\u00f4t est un titre de cr\u00e9ance Il est assimil\u00e9 au Bon de Caisse avec des particularit\u00e9s propres, n\u00e9gociable sur le March\u00e9 Mon\u00e9taire Il atteste le d\u00e9p\u00f4t aupr\u00e8s d&#8217;une banque, d&#8217;une somme donn\u00e9e pour une dur\u00e9e donn\u00e9e et un taux d&#8217;int\u00e9r\u00eat d\u00e9termin\u00e9 [\/vc_column_text][\/vc_column][vc_column width=&#8221;1\/2&#8243; css=&#8221;.vc_custom_1639385414723{margin-top: 5px !important;margin-right: 5px !important;margin-bottom: 5px !important;margin-left: 5px !important;padding-top: 5px !important;padding-right: 5px !important;padding-bottom: 5px !important;padding-left: 5px !important;}&#8221;][vc_custom_heading text=&#8221;Caract\u00e9ristiques &#8221; font_container=&#8221;tag:h2|font_size:30px|text_align:left|color:%23186e9f&#8221; use_theme_fonts=&#8221;yes&#8221; font_weight=&#8221;700&#8243; text_transform=&#8221;none&#8221; has_icon=&#8221;&#8221; css=&#8221;.vc_custom_1640957174753{margin-top: 50px !important;margin-bottom: 20px !important;}&#8221; el_class=&#8221;border-left-hr&#8221;][vc_column_text]Dur\u00e9e de placement : Les Certificats de D\u00e9p\u00f4t doivent avoir une dur\u00e9e multiple de 10 jours [&hellip;]<\/p>\n","protected":false},"author":24,"featured_media":7480,"parent":3158,"menu_order":0,"comment_status":"closed","ping_status":"closed","template":"","meta":{"_seopress_robots_primary_cat":"","_seopress_titles_title":"Certificat de D\u00e9p\u00f4t pour Entreprise pour S\u00e9curiser vos Fonds | STB Bank","_seopress_titles_desc":"Certificat de D\u00e9p\u00f4t pour entreprises avec la STB: solution rentable pour placer vos liquidit\u00e9s avec un rendement comp\u00e9titif et pour fructifier vos fonds d\u00e8s aujourd\u2019hui","_seopress_robots_index":"","footnotes":""},"class_list":["post-4005","page","type-page","status-publish","has-post-thumbnail","hentry"],"publishpress_future_action":{"enabled":false,"date":"2026-04-11 11:13:25","action":"change-status","newStatus":"draft","terms":[],"taxonomy":"language"},"rttpg_featured_image_url":{"full":["https:\/\/www.stb.com.tn\/wp-content\/uploads\/2020\/12\/Certificat-de-d\u00e9pot.jpg",370,200,false],"landscape":["https:\/\/www.stb.com.tn\/wp-content\/uploads\/2020\/12\/Certificat-de-d\u00e9pot.jpg",370,200,false],"portraits":["https:\/\/www.stb.com.tn\/wp-content\/uploads\/2020\/12\/Certificat-de-d\u00e9pot.jpg",370,200,false],"thumbnail":["https:\/\/www.stb.com.tn\/wp-content\/uploads\/2020\/12\/Certificat-de-d\u00e9pot-150x150.jpg",150,150,true],"medium":["https:\/\/www.stb.com.tn\/wp-content\/uploads\/2020\/12\/Certificat-de-d\u00e9pot-300x162.jpg",300,162,true],"large":["https:\/\/www.stb.com.tn\/wp-content\/uploads\/2020\/12\/Certificat-de-d\u00e9pot.jpg",370,200,false],"1536x1536":["https:\/\/www.stb.com.tn\/wp-content\/uploads\/2020\/12\/Certificat-de-d\u00e9pot.jpg",370,200,false],"2048x2048":["https:\/\/www.stb.com.tn\/wp-content\/uploads\/2020\/12\/Certificat-de-d\u00e9pot.jpg",370,200,false],"saturnthemes-financebank-full-thumb":["https:\/\/www.stb.com.tn\/wp-content\/uploads\/2020\/12\/Certificat-de-d\u00e9pot.jpg",370,200,false],"saturnthemes-financebank-grid-thumb":["https:\/\/www.stb.com.tn\/wp-content\/uploads\/2020\/12\/Certificat-de-d\u00e9pot-270x146.jpg",270,146,true],"saturnthemes-financebank-grid-style1":["https:\/\/www.stb.com.tn\/wp-content\/uploads\/2020\/12\/Certificat-de-d\u00e9pot-370x200.jpg",370,200,true],"saturnthemes-financebank-grid-style2":["https:\/\/www.stb.com.tn\/wp-content\/uploads\/2020\/12\/Certificat-de-d\u00e9pot.jpg",370,200,false],"saturnthemes-financebank-service-grid":["https:\/\/www.stb.com.tn\/wp-content\/uploads\/2020\/12\/Certificat-de-d\u00e9pot-370x200.jpg",370,200,true],"saturnthemes-financebank-staff-grid":["https:\/\/www.stb.com.tn\/wp-content\/uploads\/2020\/12\/Certificat-de-d\u00e9pot-270x200.jpg",270,200,true],"rpwe-thumbnail":["https:\/\/www.stb.com.tn\/wp-content\/uploads\/2020\/12\/Certificat-de-d\u00e9pot.jpg",45,24,false]},"rttpg_author":{"display_name":"Rim Jridi","author_link":"https:\/\/www.stb.com.tn\/fr\/author\/rym-pixels\/"},"rttpg_comment":0,"rttpg_category":" <a href=\"https:\/\/www.stb.com.tn\/fr\/\" rel=\"tag\">Fran\u00e7ais<\/a>","rttpg_excerpt":"[vc_section css=&#8221;.vc_custom_1619001766153{padding-top: 80px !important;padding-bottom: 60px !important;background-image: url(https:\/\/www.stb.com.tn\/wp-content\/uploads\/2021\/04\/certif-depot-1920&#215;350-2.jpg?id=11640) !important;background-position: center !important;background-repeat: no-repeat !important;background-size: cover !important;}&#8221; el_class=&#8221;banner-top&#8221;][vc_row wrap_container=&#8221;yes&#8221; css=&#8221;.vc_custom_1617306098012{padding-top: 30px !important;padding-bottom: 30px !important;}&#8221;][vc_column][vc_custom_heading text=&#8221;CERTIFICAT DE D\u00c9P\u00d4T &#8221; font_container=&#8221;tag:h1|font_size:30|text_align:left|color:%231b276f&#8221; use_theme_fonts=&#8221;yes&#8221; font_weight=&#8221;700&#8243; text_transform=&#8221;none&#8221; has_icon=&#8221;&#8221;][vc_custom_heading text=&#8221;Vous envisagez de placer vos avoirs en titres de cr\u00e9ance ? La STB vous facilite la t\u00e2che avec le Certificat de D\u00e9p\u00f4t\u2026 &#8221; font_container=&#8221;tag:h2|text_align:left|color:%231b276f&#8221; use_theme_fonts=&#8221;yes&#8221;\u2026","_links":{"self":[{"href":"https:\/\/www.stb.com.tn\/fr\/wp-json\/wp\/v2\/pages\/4005"}],"collection":[{"href":"https:\/\/www.stb.com.tn\/fr\/wp-json\/wp\/v2\/pages"}],"about":[{"href":"https:\/\/www.stb.com.tn\/fr\/wp-json\/wp\/v2\/types\/page"}],"author":[{"embeddable":true,"href":"https:\/\/www.stb.com.tn\/fr\/wp-json\/wp\/v2\/users\/24"}],"replies":[{"embeddable":true,"href":"https:\/\/www.stb.com.tn\/fr\/wp-json\/wp\/v2\/comments?post=4005"}],"version-history":[{"count":1,"href":"https:\/\/www.stb.com.tn\/fr\/wp-json\/wp\/v2\/pages\/4005\/revisions"}],"predecessor-version":[{"id":37313,"href":"https:\/\/www.stb.com.tn\/fr\/wp-json\/wp\/v2\/pages\/4005\/revisions\/37313"}],"up":[{"embeddable":true,"href":"https:\/\/www.stb.com.tn\/fr\/wp-json\/wp\/v2\/pages\/3158"}],"wp:featuredmedia":[{"embeddable":true,"href":"https:\/\/www.stb.com.tn\/fr\/wp-json\/wp\/v2\/media\/7480"}],"wp:attachment":[{"href":"https:\/\/www.stb.com.tn\/fr\/wp-json\/wp\/v2\/media?parent=4005"}],"curies":[{"name":"wp","href":"https:\/\/api.w.org\/{rel}","templated":true}]}}