{"id":31332,"date":"2022-05-23T17:20:14","date_gmt":"2022-05-23T15:20:14","guid":{"rendered":"https:\/\/www.stb.com.tn\/fr\/?page_id=31332"},"modified":"2022-05-23T17:47:02","modified_gmt":"2022-05-23T15:47:02","slug":"titre-du-produit","status":"publish","type":"page","link":"https:\/\/www.stb.com.tn\/fr\/particuliers\/comptes-epargne-bancaire\/titre-du-produit\/","title":{"rendered":"titre du produit"},"content":{"rendered":"<p>[vc_section el_class=&#8221;banner-top&#8221; css=&#8221;.vc_custom_1653319023132{padding-top: 85px !important;padding-bottom: 60px !important;background-image: url(https:\/\/www.stb.com.tn\/wp-content\/uploads\/2022\/05\/D\u00c9VELOPPER-VOTRE-ACTIVIT\u00c9-\u00c0-L\u2019INTERNATIONAL_.png?id=31155) !important;background-position: center !important;background-repeat: no-repeat !important;background-size: cover !important;}&#8221;][vc_row wrap_container=&#8221;yes&#8221; css=&#8221;.vc_custom_1653319059948{padding-top: 30px !important;padding-bottom: 30px !important;}&#8221;][vc_column][vc_custom_heading font_container=&#8221;tag:h1|font_size:30|text_align:left|color:%231b276f&#8221; use_theme_fonts=&#8221;yes&#8221; font_weight=&#8221;700&#8243; text_transform=&#8221;none&#8221; has_icon=&#8221;&#8221;][\/vc_column][\/vc_row][\/vc_section][vc_row content_placement=&#8221;top&#8221; wrap_container=&#8221;yes&#8221; css=&#8221;.vc_custom_1639489739106{margin-top: 10px !important;margin-bottom: 10px !important;}&#8221; el_class=&#8221;bloc-row&#8221;][vc_column width=&#8221;1\/2&#8243; css=&#8221;.vc_custom_1639385425836{margin-top: 5px !important;margin-right: 5px !important;margin-bottom: 5px !important;margin-left: 5px !important;padding-top: 5px !important;padding-right: 5px !important;padding-bottom: 5px !important;padding-left: 5px !important;}&#8221;][vc_custom_heading text=&#8221;Avantages&#8221; font_container=&#8221;tag:h2|font_size:30px|text_align:left|color:%23186e9f&#8221; use_theme_fonts=&#8221;yes&#8221; font_weight=&#8221;700&#8243; text_transform=&#8221;none&#8221; has_icon=&#8221;&#8221; css=&#8221;.vc_custom_1640958275724{margin-top: 50px !important;margin-bottom: 20px !important;}&#8221; el_class=&#8221;border-left-hr&#8221;][vc_column_text]Je suis un bloc de texte, cliquez sur le bouton \\&#8221;\u00e9diter\\&#8221; pour me modifier. Lorem ipsum dolor sit amet, consectetur adipiscing elit. Ut elit tellus, luctus nec ullamcorper mattis, pulvinar dapibus leo.[\/vc_column_text][\/vc_column][vc_column width=&#8221;1\/2&#8243; css=&#8221;.vc_custom_1639385414723{margin-top: 5px !important;margin-right: 5px !important;margin-bottom: 5px !important;margin-left: 5px !important;padding-top: 5px !important;padding-right: 5px !important;padding-bottom: 5px !important;padding-left: 5px !important;}&#8221;][vc_custom_heading text=&#8221;Caract\u00e9ristiques &#8221; font_container=&#8221;tag:h2|font_size:30px|text_align:left|color:%23186e9f&#8221; use_theme_fonts=&#8221;yes&#8221; font_weight=&#8221;700&#8243; text_transform=&#8221;none&#8221; has_icon=&#8221;&#8221; css=&#8221;.vc_custom_1640958264014{margin-top: 50px !important;margin-bottom: 20px !important;}&#8221; el_class=&#8221;border-left-hr&#8221;][vc_column_text]Je suis un bloc de texte, cliquez sur le bouton \\&#8221;\u00e9diter\\&#8221; pour me modifier. Lorem ipsum dolor sit amet, consectetur adipiscing elit. Ut elit tellus, luctus nec ullamcorper mattis, pulvinar dapibus leo.[\/vc_column_text][\/vc_column][\/vc_row][vc_row content_placement=&#8221;top&#8221; wrap_container=&#8221;yes&#8221; css=&#8221;.vc_custom_1639489739106{margin-top: 10px !important;margin-bottom: 10px !important;}&#8221; el_class=&#8221;bloc-row&#8221;][vc_column width=&#8221;1\/2&#8243; css=&#8221;.vc_custom_1639385425836{margin-top: 5px !important;margin-right: 5px !important;margin-bottom: 5px !important;margin-left: 5px !important;padding-top: 5px !important;padding-right: 5px !important;padding-bottom: 5px !important;padding-left: 5px !important;}&#8221;][vc_custom_heading text=&#8221;\u00c9ligibilit\u00e9<br \/>\n&#8221; font_container=&#8221;tag:h2|font_size:30px|text_align:left|color:%23186e9f&#8221; use_theme_fonts=&#8221;yes&#8221; font_weight=&#8221;700&#8243; text_transform=&#8221;none&#8221; has_icon=&#8221;&#8221; css=&#8221;.vc_custom_1640958287668{margin-top: 50px !important;margin-bottom: 20px !important;}&#8221; el_class=&#8221;border-left-hr&#8221;][vc_column_text]Je suis un bloc de texte, cliquez sur le bouton \\&#8221;\u00e9diter\\&#8221; pour me modifier. Lorem ipsum dolor sit amet, consectetur adipiscing elit. Ut elit tellus, luctus nec ullamcorper mattis, pulvinar dapibus leo.[\/vc_column_text][\/vc_column][vc_column width=&#8221;1\/2&#8243; css=&#8221;.vc_custom_1639385414723{margin-top: 5px !important;margin-right: 5px !important;margin-bottom: 5px !important;margin-left: 5px !important;padding-top: 5px !important;padding-right: 5px !important;padding-bottom: 5px !important;padding-left: 5px !important;}&#8221;][vc_custom_heading text=&#8221;Documents n\u00e9cessaires&#8221; font_container=&#8221;tag:h2|font_size:30px|text_align:left|color:%23186e9f&#8221; use_theme_fonts=&#8221;yes&#8221; font_weight=&#8221;700&#8243; text_transform=&#8221;none&#8221; has_icon=&#8221;&#8221; css=&#8221;.vc_custom_1641046172339{margin-top: 50px !important;margin-bottom: 20px !important;}&#8221; el_class=&#8221;border-left-hr&#8221;][vc_column_text]Je suis un bloc de texte, cliquez sur le bouton \\&#8221;\u00e9diter\\&#8221; pour me modifier. Lorem ipsum dolor sit amet, consectetur adipiscing elit. Ut elit tellus, luctus nec ullamcorper mattis, pulvinar dapibus leo.[\/vc_column_text][\/vc_column][\/vc_row][vc_row wrap_container=&#8221;yes&#8221; css=&#8221;.vc_custom_1653319769071{padding-top: 20px !important;}&#8221;][vc_column][vc_custom_heading text=&#8221;Questions Fr\u00e9quentes&#8221; font_container=&#8221;tag:h2|font_size:28|text_align:left|color:%23186e9f&#8221; use_theme_fonts=&#8221;yes&#8221; font_weight=&#8221;600&#8243; text_transform=&#8221;none&#8221; has_icon=&#8221;&#8221; el_class=&#8221;border-left-hr&#8221; css=&#8221;.vc_custom_1653319719908{margin-bottom: 40px !important;}&#8221;][vc_tta_accordion style=&#8221;flat&#8221; shape=&#8221;square&#8221; active_section=&#8221;1&#8243; el_class=&#8221;accordian-blue&#8221;][vc_tta_section title=&#8221;titre1&#8243; tab_id=&#8221;1653319832612-85923e68-1e53&#8243;][vc_column_text]Je suis un bloc de texte, cliquez sur le bouton \\&#8221;\u00e9diter\\&#8221; pour me modifier. Lorem ipsum dolor sit amet, consectetur adipiscing elit. Ut elit tellus, luctus nec ullamcorper mattis, pulvinar dapibus leo.[\/vc_column_text][\/vc_tta_section][vc_tta_section title=&#8221;titre 2&#8243; tab_id=&#8221;1653319832650-74b8293d-ae51&#8243;][vc_column_text]Je suis un bloc de texte, cliquez sur le bouton \\&#8221;\u00e9diter\\&#8221; pour me modifier. Lorem ipsum dolor sit amet, consectetur adipiscing elit. Ut elit tellus, luctus nec ullamcorper mattis, pulvinar dapibus leo.[\/vc_column_text][\/vc_tta_section][\/vc_tta_accordion][\/vc_column][\/vc_row][vc_row wrap_container=&#8221;yes&#8221;][vc_column][vc_custom_heading text=&#8221;titre ici&#8230; et les autres !&#8221; font_container=&#8221;tag:h2|font_size:32|text_align:center|color:%23186e9f&#8221; use_theme_fonts=&#8221;yes&#8221; font_weight=&#8221;600&#8243; text_transform=&#8221;none&#8221; has_icon=&#8221;&#8221; el_class=&#8221;title-page-hr-style2&#8243; css=&#8221;.vc_custom_1653320747111{margin-bottom: 35px !important;padding-top: 20px !important;}&#8221;][vc_row_inner el_class=&#8221;row-mixed-box&#8221; el_id=&#8221;block2&#8243;][vc_column_inner width=&#8221;1\/3&#8243; css=&#8221;.vc_custom_1598866383342{margin-bottom: 20px !important;}&#8221;][vc_single_image image=&#8221;31287&#8243; img_size=&#8221;370&#215;200&#8243; alignment=&#8221;center&#8221; onclick=&#8221;custom_link&#8221; link=&#8221;#&#8221;][vc_column_text css=&#8221;.vc_custom_1653320814600{border-top-width: 0px !important;border-right-width: 1px !important;border-bottom-width: 1px !important;border-left-width: 1px !important;padding-top: 15px !important;border-left-color: #c2c2c2 !important;border-left-style: solid !important;border-right-color: #c2c2c2 !important;border-right-style: solid !important;border-top-color: #c2c2c2 !important;border-top-style: solid !important;border-bottom-color: #c2c2c2 !important;border-bottom-style: solid !important;border-radius: 1px !important;}&#8221; el_class=&#8221;min-height-text&#8221;]<\/p>\n<h3 style=\"text-align: center;\"><a href=\"#\">le texte<\/a><\/h3>\n<hr \/>\n<p style=\"text-align: center;\">Vous envisagez de diversifier votre \u00e9pargne ?<\/p>\n<p>[\/vc_column_text][\/vc_column_inner][vc_column_inner width=&#8221;1\/3&#8243; css=&#8221;.vc_custom_1598866394585{margin-bottom: 20px !important;}&#8221;][vc_single_image image=&#8221;11743&#8243; img_size=&#8221;370&#215;200&#8243; alignment=&#8221;center&#8221; onclick=&#8221;custom_link&#8221; link=&#8221;\/fr\/particuliers\/comptes-epargne-bancaire\/comptes-speciales-epargne\/&#8221;][vc_column_text css=&#8221;.vc_custom_1618909352688{border-top-width: 0px !important;border-right-width: 1px !important;border-bottom-width: 1px !important;border-left-width: 1px !important;padding-top: 15px !important;border-left-color: #c2c2c2 !important;border-left-style: solid !important;border-right-color: #c2c2c2 !important;border-right-style: solid !important;border-top-color: #c2c2c2 !important;border-top-style: solid !important;border-bottom-color: #c2c2c2 !important;border-bottom-style: solid !important;border-radius: 1px !important;}&#8221; el_class=&#8221;min-height-text&#8221;]<\/p>\n<h3 style=\"text-align: center;\"><a href=\"\/fr\/particuliers\/comptes-epargne-bancaire\/comptes-speciales-epargne\/\">COMPTE SP\u00c9CIAL\u00a0D\u2019\u00c9PARGNE<\/a><\/h3>\n<hr \/>\n<p style=\"text-align: center;\">Quel que soit votre objectif d&#8217;\u00e9pargne, optez pour le Compte Sp\u00e9cial d&#8217;Epargne<\/p>\n<p>[\/vc_column_text][\/vc_column_inner][vc_column_inner width=&#8221;1\/3&#8243; css=&#8221;.vc_custom_1598866402600{margin-bottom: 20px !important;}&#8221;][vc_single_image image=&#8221;11115&#8243; img_size=&#8221;370&#215;200&#8243; alignment=&#8221;center&#8221; onclick=&#8221;custom_link&#8221; link=&#8221;\/fr\/particuliers\/epargner-pour-votre-avenir\/plan-epargne-confort\/&#8221;][vc_column_text css=&#8221;.vc_custom_1618909420760{border-top-width: 0px !important;border-right-width: 1px !important;border-bottom-width: 1px !important;border-left-width: 1px !important;padding-top: 15px !important;border-left-color: #c2c2c2 !important;border-left-style: solid !important;border-right-color: #c2c2c2 !important;border-right-style: solid !important;border-top-color: #c2c2c2 !important;border-top-style: solid !important;border-bottom-color: #c2c2c2 !important;border-bottom-style: solid !important;border-radius: 1px !important;}&#8221; el_class=&#8221;min-height-text&#8221;]<\/p>\n<h3 style=\"text-align: center;\"><a href=\"\/fr\/particuliers\/epargner-pour-votre-avenir\/plan-epargne-confort\/\">PLAN EPARGNE CONFORT<\/a><\/h3>\n<hr \/>\n<p style=\"text-align: center;\">Vous avez des projets personnels et familiaux en vue ?<\/p>\n<p>[\/vc_column_text][\/vc_column_inner][\/vc_row_inner][\/vc_column][\/vc_row]<\/p>\n","protected":false},"excerpt":{"rendered":"<p>[vc_section el_class=&#8221;banner-top&#8221; css=&#8221;.vc_custom_1653319023132{padding-top: 85px !important;padding-bottom: 60px !important;background-image: url(https:\/\/www.stb.com.tn\/wp-content\/uploads\/2022\/05\/D\u00c9VELOPPER-VOTRE-ACTIVIT\u00c9-\u00c0-L\u2019INTERNATIONAL_.png?id=31155) !important;background-position: center !important;background-repeat: no-repeat !important;background-size: cover !important;}&#8221;][vc_row wrap_container=&#8221;yes&#8221; css=&#8221;.vc_custom_1653319059948{padding-top: 30px !important;padding-bottom: 30px !important;}&#8221;][vc_column][vc_custom_heading font_container=&#8221;tag:h1|font_size:30|text_align:left|color:%231b276f&#8221; use_theme_fonts=&#8221;yes&#8221; font_weight=&#8221;700&#8243; text_transform=&#8221;none&#8221; has_icon=&#8221;&#8221;][\/vc_column][\/vc_row][\/vc_section][vc_row content_placement=&#8221;top&#8221; wrap_container=&#8221;yes&#8221; css=&#8221;.vc_custom_1639489739106{margin-top: 10px !important;margin-bottom: 10px !important;}&#8221; el_class=&#8221;bloc-row&#8221;][vc_column width=&#8221;1\/2&#8243; css=&#8221;.vc_custom_1639385425836{margin-top: 5px !important;margin-right: 5px !important;margin-bottom: 5px !important;margin-left: 5px !important;padding-top: 5px !important;padding-right: 5px !important;padding-bottom: 5px !important;padding-left: 5px !important;}&#8221;][vc_custom_heading text=&#8221;Avantages&#8221; font_container=&#8221;tag:h2|font_size:30px|text_align:left|color:%23186e9f&#8221; use_theme_fonts=&#8221;yes&#8221; font_weight=&#8221;700&#8243; text_transform=&#8221;none&#8221; has_icon=&#8221;&#8221; css=&#8221;.vc_custom_1640958275724{margin-top: 50px !important;margin-bottom: 20px !important;}&#8221; el_class=&#8221;border-left-hr&#8221;][vc_column_text]Je suis un bloc de texte, cliquez sur le bouton \\&#8221;\u00e9diter\\&#8221; pour me modifier. Lorem ipsum dolor sit amet, consectetur adipiscing elit. Ut elit tellus, luctus nec ullamcorper mattis, pulvinar dapibus leo.[\/vc_column_text][\/vc_column][vc_column width=&#8221;1\/2&#8243; css=&#8221;.vc_custom_1639385414723{margin-top: 5px !important;margin-right: 5px !important;margin-bottom: 5px !important;margin-left: 5px !important;padding-top: 5px !important;padding-right: 5px !important;padding-bottom: 5px !important;padding-left: 5px !important;}&#8221;][vc_custom_heading text=&#8221;Caract\u00e9ristiques &#8221; font_container=&#8221;tag:h2|font_size:30px|text_align:left|color:%23186e9f&#8221; use_theme_fonts=&#8221;yes&#8221; font_weight=&#8221;700&#8243; text_transform=&#8221;none&#8221; has_icon=&#8221;&#8221; css=&#8221;.vc_custom_1640958264014{margin-top: 50px !important;margin-bottom: 20px !important;}&#8221; el_class=&#8221;border-left-hr&#8221;][vc_column_text]Je suis un bloc de texte, cliquez sur le bouton \\&#8221;\u00e9diter\\&#8221; pour me modifier. Lorem ipsum dolor sit amet, consectetur adipiscing elit. Ut elit tellus, luctus nec ullamcorper mattis, pulvinar dapibus leo.[\/vc_column_text][\/vc_column][\/vc_row][vc_row content_placement=&#8221;top&#8221; wrap_container=&#8221;yes&#8221; css=&#8221;.vc_custom_1639489739106{margin-top: 10px !important;margin-bottom: 10px !important;}&#8221; el_class=&#8221;bloc-row&#8221;][vc_column width=&#8221;1\/2&#8243; css=&#8221;.vc_custom_1639385425836{margin-top: 5px !important;margin-right: 5px !important;margin-bottom: 5px !important;margin-left: 5px !important;padding-top: 5px !important;padding-right: 5px !important;padding-bottom: 5px !important;padding-left: 5px !important;}&#8221;][vc_custom_heading text=&#8221;\u00c9ligibilit\u00e9 &#8221; font_container=&#8221;tag:h2|font_size:30px|text_align:left|color:%23186e9f&#8221; use_theme_fonts=&#8221;yes&#8221; font_weight=&#8221;700&#8243; text_transform=&#8221;none&#8221; has_icon=&#8221;&#8221; css=&#8221;.vc_custom_1640958287668{margin-top: 50px !important;margin-bottom: 20px !important;}&#8221; el_class=&#8221;border-left-hr&#8221;][vc_column_text]Je suis un bloc de [&hellip;]<\/p>\n","protected":false},"author":14,"featured_media":31285,"parent":3077,"menu_order":0,"comment_status":"closed","ping_status":"closed","template":"","meta":{"_seopress_robots_primary_cat":"","_seopress_titles_title":"ici votre title -stb","_seopress_titles_desc":"","_seopress_robots_index":"","footnotes":""},"class_list":["post-31332","page","type-page","status-publish","has-post-thumbnail","hentry"],"publishpress_future_action":{"enabled":false,"date":"2026-05-04 18:27:41","action":"change-status","newStatus":"draft","terms":[],"taxonomy":"language"},"rttpg_featured_image_url":{"full":["https:\/\/www.stb.com.tn\/wp-content\/uploads\/2022\/05\/Developper-votre-activit\u00e9-a-linternational.jpg",370,200,false],"landscape":["https:\/\/www.stb.com.tn\/wp-content\/uploads\/2022\/05\/Developper-votre-activit\u00e9-a-linternational.jpg",370,200,false],"portraits":["https:\/\/www.stb.com.tn\/wp-content\/uploads\/2022\/05\/Developper-votre-activit\u00e9-a-linternational.jpg",370,200,false],"thumbnail":["https:\/\/www.stb.com.tn\/wp-content\/uploads\/2022\/05\/Developper-votre-activit\u00e9-a-linternational-150x150.jpg",150,150,true],"medium":["https:\/\/www.stb.com.tn\/wp-content\/uploads\/2022\/05\/Developper-votre-activit\u00e9-a-linternational-300x162.jpg",300,162,true],"large":["https:\/\/www.stb.com.tn\/wp-content\/uploads\/2022\/05\/Developper-votre-activit\u00e9-a-linternational.jpg",370,200,false],"1536x1536":["https:\/\/www.stb.com.tn\/wp-content\/uploads\/2022\/05\/Developper-votre-activit\u00e9-a-linternational.jpg",370,200,false],"2048x2048":["https:\/\/www.stb.com.tn\/wp-content\/uploads\/2022\/05\/Developper-votre-activit\u00e9-a-linternational.jpg",370,200,false],"saturnthemes-financebank-full-thumb":["https:\/\/www.stb.com.tn\/wp-content\/uploads\/2022\/05\/Developper-votre-activit\u00e9-a-linternational.jpg",370,200,false],"saturnthemes-financebank-grid-thumb":["https:\/\/www.stb.com.tn\/wp-content\/uploads\/2022\/05\/Developper-votre-activit\u00e9-a-linternational-270x146.jpg",270,146,true],"saturnthemes-financebank-grid-style1":["https:\/\/www.stb.com.tn\/wp-content\/uploads\/2022\/05\/Developper-votre-activit\u00e9-a-linternational-370x200.jpg",370,200,true],"saturnthemes-financebank-grid-style2":["https:\/\/www.stb.com.tn\/wp-content\/uploads\/2022\/05\/Developper-votre-activit\u00e9-a-linternational.jpg",370,200,false],"saturnthemes-financebank-service-grid":["https:\/\/www.stb.com.tn\/wp-content\/uploads\/2022\/05\/Developper-votre-activit\u00e9-a-linternational-370x200.jpg",370,200,true],"saturnthemes-financebank-staff-grid":["https:\/\/www.stb.com.tn\/wp-content\/uploads\/2022\/05\/Developper-votre-activit\u00e9-a-linternational-270x200.jpg",270,200,true],"rpwe-thumbnail":["https:\/\/www.stb.com.tn\/wp-content\/uploads\/2022\/05\/Developper-votre-activit\u00e9-a-linternational.jpg",45,24,false]},"rttpg_author":{"display_name":"Anouar Jlidi","author_link":"https:\/\/www.stb.com.tn\/fr\/author\/said-pixels\/"},"rttpg_comment":0,"rttpg_category":" <a href=\"https:\/\/www.stb.com.tn\/fr\/\" rel=\"tag\">Fran\u00e7ais<\/a>","rttpg_excerpt":"[vc_section el_class=&#8221;banner-top&#8221; css=&#8221;.vc_custom_1653319023132{padding-top: 85px !important;padding-bottom: 60px !important;background-image: url(https:\/\/www.stb.com.tn\/wp-content\/uploads\/2022\/05\/D\u00c9VELOPPER-VOTRE-ACTIVIT\u00c9-\u00c0-L\u2019INTERNATIONAL_.png?id=31155) !important;background-position: center !important;background-repeat: no-repeat !important;background-size: cover !important;}&#8221;][vc_row wrap_container=&#8221;yes&#8221; css=&#8221;.vc_custom_1653319059948{padding-top: 30px !important;padding-bottom: 30px !important;}&#8221;][vc_column][vc_custom_heading font_container=&#8221;tag:h1|font_size:30|text_align:left|color:%231b276f&#8221; use_theme_fonts=&#8221;yes&#8221; font_weight=&#8221;700&#8243; text_transform=&#8221;none&#8221; has_icon=&#8221;&#8221;][\/vc_column][\/vc_row][\/vc_section][vc_row content_placement=&#8221;top&#8221; wrap_container=&#8221;yes&#8221; css=&#8221;.vc_custom_1639489739106{margin-top: 10px !important;margin-bottom: 10px !important;}&#8221; el_class=&#8221;bloc-row&#8221;][vc_column width=&#8221;1\/2&#8243; css=&#8221;.vc_custom_1639385425836{margin-top: 5px !important;margin-right: 5px !important;margin-bottom: 5px !important;margin-left: 5px !important;padding-top: 5px !important;padding-right: 5px !important;padding-bottom: 5px !important;padding-left: 5px !important;}&#8221;][vc_custom_heading text=&#8221;Avantages&#8221; font_container=&#8221;tag:h2|font_size:30px|text_align:left|color:%23186e9f&#8221; use_theme_fonts=&#8221;yes&#8221;\u2026","_links":{"self":[{"href":"https:\/\/www.stb.com.tn\/fr\/wp-json\/wp\/v2\/pages\/31332"}],"collection":[{"href":"https:\/\/www.stb.com.tn\/fr\/wp-json\/wp\/v2\/pages"}],"about":[{"href":"https:\/\/www.stb.com.tn\/fr\/wp-json\/wp\/v2\/types\/page"}],"author":[{"embeddable":true,"href":"https:\/\/www.stb.com.tn\/fr\/wp-json\/wp\/v2\/users\/14"}],"replies":[{"embeddable":true,"href":"https:\/\/www.stb.com.tn\/fr\/wp-json\/wp\/v2\/comments?post=31332"}],"version-history":[{"count":0,"href":"https:\/\/www.stb.com.tn\/fr\/wp-json\/wp\/v2\/pages\/31332\/revisions"}],"up":[{"embeddable":true,"href":"https:\/\/www.stb.com.tn\/fr\/wp-json\/wp\/v2\/pages\/3077"}],"wp:featuredmedia":[{"embeddable":true,"href":"https:\/\/www.stb.com.tn\/fr\/wp-json\/wp\/v2\/media\/31285"}],"wp:attachment":[{"href":"https:\/\/www.stb.com.tn\/fr\/wp-json\/wp\/v2\/media?parent=31332"}],"curies":[{"name":"wp","href":"https:\/\/api.w.org\/{rel}","templated":true}]}}